{"id":117,"date":"2023-11-01T12:31:19","date_gmt":"2023-11-01T11:31:19","guid":{"rendered":"https:\/\/adevays.com\/?page_id=117"},"modified":"2023-11-03T00:51:20","modified_gmt":"2023-11-02T23:51:20","slug":"accueil","status":"publish","type":"page","link":"https:\/\/adevays.com\/","title":{"rendered":""},"content":{"rendered":"\n<h2>\n\t\tQui sommes nous\n\t<\/h2>\n\t<p>Adevays est n\u00e9 de la volont\u00e9 de <strong>deux amis<\/strong>, d\u00e9veloppeurs <strong>passionn\u00e9s<\/strong> de <strong>nouvelles<\/strong> <strong>technologies<\/strong> et d&rsquo;entreprenariat qui ont voulu cr\u00e9er une nouvelle page ensemble.<\/p>\n<p>Nous avons avec nous une <strong>\u00e9quipe<\/strong> qui ne cesse de grandir afin de vous proposer toujours plus de talents, d&rsquo;<strong>expertise<\/strong>, de <strong>conseils<\/strong> et de <strong>solutions<\/strong>.<\/p>\n\t\t\t\t<img loading=\"lazy\" decoding=\"async\" src=\"https:\/\/adevays.com\/wp-content\/uploads\/2023\/11\/Design-sans-titre-11.png\" alt=\"Design sans titre-11\" itemprop=\"image\" height=\"400\" width=\"500\" title=\"Design sans titre-11\" onerror=\"this.style.display='none'\"  \/>\n<h2>\n\t\tQu&rsquo;offrons nous\n\t<\/h2>\n\t<p>&nbsp;<\/p>\nLe spectre des <strong>services informatiques<\/strong> est large.<br \/>\nNotre volont\u00e9 est de couvrir ce spectre autant que possible.\n<p>Du front au back, du d\u00e9veloppement web au d\u00e9veloppement applicatif, de la collecte de la donn\u00e9e \u00e0 son analyse, notre objectif, s&rsquo;entourer de <strong>collaborateurs<\/strong> <strong>rigoureux<\/strong> et consciencieux maitrisant leur domaine d&rsquo;expertise et couvrant tout le <strong>cycle de vie d&rsquo;un projet IT<\/strong>.<\/p>\n\t\t\t\t<img loading=\"lazy\" decoding=\"async\" src=\"https:\/\/adevays.com\/wp-content\/uploads\/2023\/11\/Design-sans-titre-6.png\" alt=\"Design sans titre-6\" itemprop=\"image\" height=\"400\" width=\"500\" title=\"Design sans titre-6\" onerror=\"this.style.display='none'\"  \/>\n<h2>\n\t\tO\u00f9 sommes nous\n\t<\/h2>\n\t<p>Situ\u00e9s en <strong>France<\/strong>, nos collaborateurs couvrent tous le territoire fran\u00e7ais, mais \u00e9galement l&rsquo;<strong>Afrique du nord<\/strong> et peuvent travailler en remote\/hybride \u00e0 l&rsquo;<strong>international<\/strong>.<\/p>\n\t\t\t\t<img loading=\"lazy\" decoding=\"async\" src=\"https:\/\/adevays.com\/wp-content\/uploads\/2023\/11\/Need-an-IT-advice-7.png\" alt=\"Need an IT advice-7\" itemprop=\"image\" height=\"3456\" width=\"6912\" title=\"Need an IT advice-7\" onerror=\"this.style.display='none'\"  \/>\n<h2>\n\t\tNous contacter\n\t<\/h2>\n\n","protected":false},"excerpt":{"rendered":"<p>Qui sommes nous Adevays est n\u00e9 de la volont\u00e9 de deux amis, d\u00e9veloppeurs passionn\u00e9s de nouvelles technologies et d&rsquo;entreprenariat qui ont voulu cr\u00e9er une nouvelle page ensemble. Nous avons avec &#8230;<\/p>\n","protected":false},"author":1,"featured_media":0,"parent":0,"menu_order":0,"comment_status":"closed","ping_status":"closed","template":"template-fullwidth-stretched.php","meta":{"_ti_tpc_template_sync":false,"_ti_tpc_template_id":"","footnotes":""},"class_list":["post-117","page","type-page","status-publish","hentry"],"_links":{"self":[{"href":"https:\/\/adevays.com\/index.php\/wp-json\/wp\/v2\/pages\/117","targetHints":{"allow":["GET"]}}],"collection":[{"href":"https:\/\/adevays.com\/index.php\/wp-json\/wp\/v2\/pages"}],"about":[{"href":"https:\/\/adevays.com\/index.php\/wp-json\/wp\/v2\/types\/page"}],"author":[{"embeddable":true,"href":"https:\/\/adevays.com\/index.php\/wp-json\/wp\/v2\/users\/1"}],"replies":[{"embeddable":true,"href":"https:\/\/adevays.com\/index.php\/wp-json\/wp\/v2\/comments?post=117"}],"version-history":[{"count":77,"href":"https:\/\/adevays.com\/index.php\/wp-json\/wp\/v2\/pages\/117\/revisions"}],"predecessor-version":[{"id":252,"href":"https:\/\/adevays.com\/index.php\/wp-json\/wp\/v2\/pages\/117\/revisions\/252"}],"wp:attachment":[{"href":"https:\/\/adevays.com\/index.php\/wp-json\/wp\/v2\/media?parent=117"}],"curies":[{"name":"wp","href":"https:\/\/api.w.org\/{rel}","templated":true}]}}